{"id":61,"date":"2021-03-22T15:20:06","date_gmt":"2021-03-22T14:20:06","guid":{"rendered":"http:\/\/www.makolpharm.de\/wordpress\/?page_id=61"},"modified":"2021-04-21T14:18:36","modified_gmt":"2021-04-21T12:18:36","slug":"willkommen","status":"publish","type":"page","link":"http:\/\/www.makolpharm.de\/","title":{"rendered":"Willkommen"},"content":{"rendered":"\n<p><strong><span class=\"has-inline-color has-vivid-cyan-blue-color\">Gesundheit vom Niederrhein<\/span><\/strong><\/p>\n\n\n\n<p>Grundlage der Medizin in Mittelalter und Antike war die Ern\u00e4hrungslehre (diaeta) im Sinne einer umfassenden gesundheitserhaltenen Lebensf\u00fchrung. Wichtiger Bestandteil hierbei war die Zusammenstellung unterschiedlicher Nahrungsteile, Pflanzenextrakten und Tees.<\/p>\n\n\n\n<p>Medizin heute sieht sich dagegen prim\u00e4r verantwortlich f\u00fcr Krankheit, nicht f\u00fcr Gesundheit und Pr\u00e4vention. Entsprechend gibt es auch in der deutschen Medizinerausbildung ( im Gegensatz zu den USA und Frankreich) keine zusammenh\u00e4ngende Darstellung \u00fcber alters- und belastungstypische Ern\u00e4hrungsanforderungen oder die therapeutischen und pr\u00e4ventiven Wirkungen von Nahrungsinhaltsstoffen.<\/p>\n\n\n\n<p>Diese L\u00fccke schliessen vielfach \u00c4rzte f\u00fcr Naturheilverfahren, Heilpraktiker oder Ern\u00e4hrungsberater. Der m\u00fcndige Patient von heute nutzt die Vorteile beider Systeme zur Optimierung seiner Gesundheit, ohne sich in irgendwelchen Dogmen zu verlieren.<\/p>\n\n\n\n<p>Erfreulicherweise \u00fcbernehmen aber auch immer mehr Menschen die Verantwortung (Empowerment) f\u00fcr ihre eigene Gesundheit, informieren sich unabh\u00e4ngig, achten auf ihre Lebensweise und entscheiden sich f\u00fcr gezielte Supplementierung um ihren Wunsch nach Wohlbefinden, stetiger Gesundheit und Vermeidung von Krankheiten zu erreichen.<\/p>\n\n\n\n<p>Wir freuen uns, wenn wir mit unserer Arbeit ein St\u00fcck weit dazu beitragen k\u00f6nnen.<\/p>\n\n\n\n<p><\/p>\n","protected":false},"excerpt":{"rendered":"<p>Gesundheit vom Niederrhein Grundlage der Medizin in Mittelalter und Antike war die Ern\u00e4hrungslehre (diaeta) im Sinne einer umfassenden gesundheitserhaltenen Lebensf\u00fchrung. Wichtiger Bestandteil hierbei war die Zusammenstellung unterschiedlicher Nahrungsteile, Pflanzenextrakten und Tees. Medizin heute sieht sich dagegen prim\u00e4r verantwortlich f\u00fcr Krankheit, nicht f\u00fcr Gesundheit und Pr\u00e4vention. Entsprechend gibt es auch in der deutschen Medizinerausbildung ( im &hellip; <\/p>\n<p class=\"link-more\"><a href=\"http:\/\/www.makolpharm.de\/\" class=\"more-link\"><span class=\"screen-reader-text\">\u201eWillkommen\u201c<\/span> weiterlesen<\/a><\/p>\n","protected":false},"author":1,"featured_media":0,"parent":0,"menu_order":0,"comment_status":"closed","ping_status":"closed","template":"","meta":{"footnotes":""},"class_list":["post-61","page","type-page","status-publish","hentry"],"_links":{"self":[{"href":"http:\/\/www.makolpharm.de\/index.php?rest_route=\/wp\/v2\/pages\/61","targetHints":{"allow":["GET"]}}],"collection":[{"href":"http:\/\/www.makolpharm.de\/index.php?rest_route=\/wp\/v2\/pages"}],"about":[{"href":"http:\/\/www.makolpharm.de\/index.php?rest_route=\/wp\/v2\/types\/page"}],"author":[{"embeddable":true,"href":"http:\/\/www.makolpharm.de\/index.php?rest_route=\/wp\/v2\/users\/1"}],"replies":[{"embeddable":true,"href":"http:\/\/www.makolpharm.de\/index.php?rest_route=%2Fwp%2Fv2%2Fcomments&post=61"}],"version-history":[{"count":4,"href":"http:\/\/www.makolpharm.de\/index.php?rest_route=\/wp\/v2\/pages\/61\/revisions"}],"predecessor-version":[{"id":115,"href":"http:\/\/www.makolpharm.de\/index.php?rest_route=\/wp\/v2\/pages\/61\/revisions\/115"}],"wp:attachment":[{"href":"http:\/\/www.makolpharm.de\/index.php?rest_route=%2Fwp%2Fv2%2Fmedia&parent=61"}],"curies":[{"name":"wp","href":"https:\/\/api.w.org\/{rel}","templated":true}]}}