{"id":79,"date":"2021-03-31T11:06:45","date_gmt":"2021-03-31T09:06:45","guid":{"rendered":"http:\/\/www.makolpharm.de\/wordpress\/?page_id=79"},"modified":"2021-04-21T14:49:43","modified_gmt":"2021-04-21T12:49:43","slug":"makol-heute-development","status":"publish","type":"page","link":"http:\/\/www.makolpharm.de\/?page_id=79","title":{"rendered":"MAKOL\u00a9 heute |Development|"},"content":{"rendered":"\n<p class=\"has-text-align-center\">Leitmotiv unserer Produktentwicklung ist die Suche nach<\/p>\n\n\n\n<h1 class=\"has-text-align-center wp-block-heading\"><strong><em><span class=\"has-inline-color has-vivid-cyan-blue-color\">wissenschaftlich fundierten L\u00f6sungen mit erwiesenen Gesundheitsvorteilen f\u00fcr den Anwender<\/span><\/em><\/strong><\/h1>\n\n\n\n<p><\/p>\n\n\n\n<hr class=\"wp-block-separator is-style-wide\"\/>\n\n\n\n<p class=\"has-text-align-left\">Entscheidende Parameter hierbei sind<\/p>\n\n\n\n<ul class=\"wp-block-list\"><li>die Auswahl der leistungsf\u00e4higsten und stabilsten Wirkstoffe bzw. Wirkstoffdarreichungen f\u00fcr die spezifische Indikation<\/li><\/ul>\n\n\n\n<ul class=\"wp-block-list\"><li>Pr\u00fcfung auf potenzierte Verbundeffekte durch synergistische Wirkstoffkombinationen oder Adjuvantien<\/li><\/ul>\n\n\n\n<ul class=\"wp-block-list\"><li>Konzeption der optimalen Darreichungsform hinsichtlich Freisetzungsprofil, Leistungsf\u00e4higkeit, Anwendungssicherheit und Produktstabilit\u00e4t<\/li><\/ul>\n","protected":false},"excerpt":{"rendered":"<p>Leitmotiv unserer Produktentwicklung ist die Suche nach wissenschaftlich fundierten L\u00f6sungen mit erwiesenen Gesundheitsvorteilen f\u00fcr den Anwender Entscheidende Parameter hierbei sind die Auswahl der leistungsf\u00e4higsten und stabilsten Wirkstoffe bzw. Wirkstoffdarreichungen f\u00fcr die spezifische Indikation Pr\u00fcfung auf potenzierte Verbundeffekte durch synergistische Wirkstoffkombinationen oder Adjuvantien Konzeption der optimalen Darreichungsform hinsichtlich Freisetzungsprofil, Leistungsf\u00e4higkeit, Anwendungssicherheit und Produktstabilit\u00e4t<\/p>\n","protected":false},"author":1,"featured_media":0,"parent":0,"menu_order":0,"comment_status":"closed","ping_status":"closed","template":"","meta":{"footnotes":""},"class_list":["post-79","page","type-page","status-publish","hentry"],"_links":{"self":[{"href":"http:\/\/www.makolpharm.de\/index.php?rest_route=\/wp\/v2\/pages\/79","targetHints":{"allow":["GET"]}}],"collection":[{"href":"http:\/\/www.makolpharm.de\/index.php?rest_route=\/wp\/v2\/pages"}],"about":[{"href":"http:\/\/www.makolpharm.de\/index.php?rest_route=\/wp\/v2\/types\/page"}],"author":[{"embeddable":true,"href":"http:\/\/www.makolpharm.de\/index.php?rest_route=\/wp\/v2\/users\/1"}],"replies":[{"embeddable":true,"href":"http:\/\/www.makolpharm.de\/index.php?rest_route=%2Fwp%2Fv2%2Fcomments&post=79"}],"version-history":[{"count":11,"href":"http:\/\/www.makolpharm.de\/index.php?rest_route=\/wp\/v2\/pages\/79\/revisions"}],"predecessor-version":[{"id":134,"href":"http:\/\/www.makolpharm.de\/index.php?rest_route=\/wp\/v2\/pages\/79\/revisions\/134"}],"wp:attachment":[{"href":"http:\/\/www.makolpharm.de\/index.php?rest_route=%2Fwp%2Fv2%2Fmedia&parent=79"}],"curies":[{"name":"wp","href":"https:\/\/api.w.org\/{rel}","templated":true}]}}